{"id":872,"date":"2016-04-05T06:01:31","date_gmt":"2016-04-05T06:01:31","guid":{"rendered":"http:\/\/greativefx.com\/arel\/?page_id=872"},"modified":"2021-06-28T08:53:55","modified_gmt":"2021-06-28T08:53:55","slug":"projeler","status":"publish","type":"page","link":"https:\/\/arelelektrik.com\/en\/projeler\/","title":{"rendered":"Projects"},"content":{"rendered":"<section class=\"bg-fixed relative vc_row wpb_row\"><div class=\"container\"><div class=\"rows\"><div class=\"wpb_column vc_column_container sixteen columns\"><div class=\"vc_custom_1572597112698\"><div class=\"wpb_wrapper\"><div class=\"vc_tta-container\" data-vc-action=\"collapseAll\"><div class=\"vc_general vc_tta vc_tta-accordion vc_tta-color-grey vc_tta-style-modern vc_tta-shape-rounded vc_tta-o-shape-group vc_tta-controls-align-left vc_tta-o-all-clickable  projeh4 vc_custom_1572597170957\"><div class=\"vc_tta-panels-container\"><div class=\"vc_tta-panels\"><div class=\"vc_tta-panel projeh4\" id=\"devam-eden-projeler\" data-vc-content=\".vc_tta-panel-body\"><div class=\"vc_tta-panel-heading\"><h4 class=\"vc_tta-panel-title vc_tta-controls-icon-position-left\"><a href=\"#devam-eden-projeler\" data-vc-accordion data-vc-container=\".vc_tta-container\"><span class=\"vc_tta-title-text\">Ongoing Projects<\/span><i class=\"vc_tta-controls-icon vc_tta-controls-icon-chevron\"><\/i><\/a><\/h4><\/div><div class=\"vc_tta-panel-body\">\n\t<div class=\"wpb_text_column wpb_content_element\" >\n\t\t<div class=\"wpb_wrapper\">\n\t\t\t<table width=\"697\">\n<tbody>\n<tr>\n<td width=\"64\">Date<\/td>\n<td width=\"252\">Client<\/td>\n<td width=\"312\">Desciription<\/td>\n<td width=\"69\">Location<\/td>\n<\/tr>\n<tr>\n<td>2020-2021<\/td>\n<td>Prokon<\/td>\n<td>Corteva Agriscience Seed Processing Plant<\/td>\n<td>Adana<\/td>\n<\/tr>\n<\/tbody>\n<\/table>\n\n\t\t<\/div>\n\t<\/div>\n<\/div><\/div><div class=\"vc_tta-panel\" id=\"tamamlanan-projeler\" data-vc-content=\".vc_tta-panel-body\"><div class=\"vc_tta-panel-heading\"><h4 class=\"vc_tta-panel-title vc_tta-controls-icon-position-left\"><a href=\"#tamamlanan-projeler\" data-vc-accordion data-vc-container=\".vc_tta-container\"><span class=\"vc_tta-title-text\">Completed Projects<\/span><i class=\"vc_tta-controls-icon vc_tta-controls-icon-chevron\"><\/i><\/a><\/h4><\/div><div class=\"vc_tta-panel-body\">\n\t<div class=\"wpb_text_column wpb_content_element\" >\n\t\t<div class=\"wpb_wrapper\">\n\t\t\t<table width=\"929\">\n<tbody>\n<tr>\n<td width=\"64\">Date<\/td>\n<td width=\"319\">Client<\/td>\n<td width=\"412\">Desciription<\/td>\n<td width=\"134\">Location<\/td>\n<\/tr>\n<tr>\n<td>2002<\/td>\n<td>Coca Cola \u0130\u00e7ecek A.\u015e.<\/td>\n<td>Management &amp; Storage Plants<\/td>\n<td>\u00dcmraniye<\/td>\n<\/tr>\n<tr>\n<td>2002<\/td>\n<td>Coca Cola \u0130\u00e7ecek A.\u015e.<\/td>\n<td>Electrical Works of Penthouse 6000m2<\/td>\n<td>\u00c7orlu<\/td>\n<\/tr>\n<tr>\n<td>2002<\/td>\n<td>MAN T\u00fcrkiye A.\u015e.<\/td>\n<td>Management &amp; Maintenance of Gicik Esenbo\u011fa Main Buildings<\/td>\n<td>Ankara<\/td>\n<\/tr>\n<tr>\n<td>2002<\/td>\n<td>Coca Cola \u0130\u00e7ecek A.\u015e.<\/td>\n<td>Elec. Works of HOD 19lt Water Cooler Bottle Project<\/td>\n<td>\u00c7orlu<\/td>\n<\/tr>\n<tr>\n<td>2002<\/td>\n<td>Coca Cola \u0130\u00e7ecek A.\u015e.<\/td>\n<td>MV Maintenance &amp; Repairment Works of Bursa Filling Plants<\/td>\n<td>Bursa<\/td>\n<\/tr>\n<tr>\n<td>2003<\/td>\n<td>Coca Cola \u0130\u00e7ecek A.\u015e.<\/td>\n<td>Electrical Works of Frutia Project<\/td>\n<td>\u00c7orlu<\/td>\n<\/tr>\n<tr>\n<td>2003<\/td>\n<td>MAN T\u00fcrkiye A.\u015e.<\/td>\n<td>Elec. Works of Cable pre-installation Factory<\/td>\n<td>Ankara<\/td>\n<\/tr>\n<tr>\n<td>2003<\/td>\n<td>Coca Cola \u0130\u00e7ecek A.\u015e.<\/td>\n<td>100kVA Generator Assembly &amp; Disassembly Works of Storage<\/td>\n<td>Yenibosna &#8211; \u0130stanbul<\/td>\n<\/tr>\n<tr>\n<td>2003<\/td>\n<td>Coca Cola \u0130\u00e7ecek A.\u015e.<\/td>\n<td>Lighting Works of Kemalpa\u015fa Facilities<\/td>\n<td>\u0130zmir<\/td>\n<\/tr>\n<tr>\n<td>2003<\/td>\n<td>MAN T\u00fcrkiye A.\u015e.<\/td>\n<td>Management &amp; Maintenance of Gicik Esenbo\u011fa Main Buildings<\/td>\n<td>Ankara<\/td>\n<\/tr>\n<tr>\n<td>2003<\/td>\n<td>ASELSAN<\/td>\n<td>8084 KGS System Project<\/td>\n<td>Edirne &#8211; Gaziantep<\/td>\n<\/tr>\n<tr>\n<td>2003<\/td>\n<td>Coca Cola \u0130\u00e7ecek A.\u015e.<\/td>\n<td>Cabling of Air Conditioning and System Automation<\/td>\n<td>\u00c7orlu<\/td>\n<\/tr>\n<tr>\n<td>2004<\/td>\n<td>Coca Cola \u0130\u00e7ecek A.\u015e.<\/td>\n<td>Blower Prj. 2500kVA Power Enrichment Compensation Elec. Works<\/td>\n<td>Ankara<\/td>\n<\/tr>\n<tr>\n<td>2004<\/td>\n<td>Serdar Plastik Sanayi ve Ticaret Ltd. \u015eti.<\/td>\n<td>Production of 1000kVA Power Enrichment 10.000m2 (Plastic Inj.)<\/td>\n<td>Ankara<\/td>\n<\/tr>\n<tr>\n<td>2004<\/td>\n<td>Prekons \u0130n\u015faat Sanayi A.\u015e.<\/td>\n<td>800kVA Power Enrichment Supply of MV-LV<\/td>\n<td>G\u00f6lba\u015f\u0131 &#8211; Ankara<\/td>\n<\/tr>\n<tr>\n<td>2004<\/td>\n<td>MAN T\u00fcrkiye A.\u015e.<\/td>\n<td>Management &amp; Maintenance of Gicik Esenbo\u011fa Main Buildings<\/td>\n<td>Ankara<\/td>\n<\/tr>\n<tr>\n<td>2004<\/td>\n<td>Konta\u015f Canberk Grubu<\/td>\n<td>100kVA Power Supply for Eryaman Collective Estates (8-9th St.)<\/td>\n<td>Ankara<\/td>\n<\/tr>\n<tr>\n<td>2004<\/td>\n<td>Tepe In\u015faat<\/td>\n<td>Baku Tiflis Ceylan Pipe Line PT1 Pumping Station Installation Works<\/td>\n<td>Kars<\/td>\n<\/tr>\n<tr>\n<td>2005<\/td>\n<td>Coca Cola \u0130\u00e7ecek A.\u015e.<\/td>\n<td>Prod. And Filling Plants of Kemalpa\u015fa Elec. Works of New PET Line<\/td>\n<td>\u0130zmir<\/td>\n<\/tr>\n<tr>\n<td>2005<\/td>\n<td>Coca Cola \u0130\u00e7ecek A.\u015e.<\/td>\n<td>Main Building and Energy Trans. Line with Concrete Pillar<\/td>\n<td>Kemalpa\u015fa &#8211; \u0130zmir<\/td>\n<\/tr>\n<tr>\n<td>2005<\/td>\n<td>MAN T\u00fcrkiye A.\u015e.<\/td>\n<td>Management &amp; Maintenance of Gicik Esenbo\u011fa Main Buildings<\/td>\n<td>Ankara<\/td>\n<\/tr>\n<tr>\n<td>2005<\/td>\n<td>Coca Cola \u0130\u00e7ecek A.\u015e.<\/td>\n<td>Prod. And Filling Plants Elec. Works of Supplementary Reservoir<\/td>\n<td>\u00c7orlu<\/td>\n<\/tr>\n<tr>\n<td>2006<\/td>\n<td>Dolsan Medikal Ekipmanlar \u0130malat Sanayi<\/td>\n<td>Power Supply for Production Facility<\/td>\n<td>Ankara<\/td>\n<\/tr>\n<tr>\n<td>2006<\/td>\n<td>Coca Cola \u0130\u00e7ecek A.\u015e.<\/td>\n<td>Production and Filling Facilities Electrical Works of CAF Line<\/td>\n<td>\u00c7orlu<\/td>\n<\/tr>\n<tr>\n<td>2006<\/td>\n<td>Mahmudiye Kaynak Suyu Ltd. \u015eti.<\/td>\n<td>Sapanca Filling Facility HOD &amp; PET Filling Lines<\/td>\n<td>\u0130zmit<\/td>\n<\/tr>\n<tr>\n<td>2007<\/td>\n<td>Fruko Me\u015frubat San. A.\u015e.<\/td>\n<td>Elec. Works &amp; Maintenance of Main Buildings and Management<\/td>\n<td>\u0130zmir<\/td>\n<\/tr>\n<tr>\n<td>2007<\/td>\n<td>Mahmudiye Kaynak Suyu Ltd. \u015eti.<\/td>\n<td>Sapanca Filling Facility - Filling Lines of PET<\/td>\n<td>\u0130zmit<\/td>\n<\/tr>\n<tr>\n<td>2007<\/td>\n<td>Coca Cola \u0130\u00e7ecek A.\u015e.<\/td>\n<td>Prod. And Filling Plants Elec. Works of Enlargement Proj. \u0130n 1st St.<\/td>\n<td>Bursa<\/td>\n<\/tr>\n<tr>\n<td>2007<\/td>\n<td>Sa\u011fl\u0131k Su A.\u015e.<\/td>\n<td>Elec. Works &amp; Maintenance of Main Buildings and Management<\/td>\n<td>Ankara<\/td>\n<\/tr>\n<tr>\n<td>2007<\/td>\n<td>Coca Cola \u0130\u00e7ecek A.\u015e.<\/td>\n<td>Electrical Works of Antalya Sales Storage<\/td>\n<td>Antalya<\/td>\n<\/tr>\n<tr>\n<td>2007<\/td>\n<td>Surtel Hotel<\/td>\n<td>Electrical Works &amp; Maintenance of LV Panels and Transformers<\/td>\n<td>Ayd\u0131n<\/td>\n<\/tr>\n<tr>\n<td>2007<\/td>\n<td>Coca Cola \u0130\u00e7ecek A.\u015e.<\/td>\n<td>Prod. And Filling Facilities Elec. Works of Enlargement Prj. \u0130n 2nd St.<\/td>\n<td>Bursa<\/td>\n<\/tr>\n<tr>\n<td>2007<\/td>\n<td>Fruko Me\u015frubat San. A.\u015e.<\/td>\n<td>Refinement Building Companisation Enhancement<\/td>\n<td>\u0130zmir<\/td>\n<\/tr>\n<tr>\n<td>2008<\/td>\n<td>Mahmudiye Kaynak Suyu Ltd. \u015eti.<\/td>\n<td>Substructure of LV Regulator Systems in Sapanca Filling Plants<\/td>\n<td>\u0130zmit<\/td>\n<\/tr>\n<tr>\n<td>2008<\/td>\n<td>Coca Cola \u0130\u00e7ecek A.\u015e.<\/td>\n<td>Prod. And Filling Facilities &amp; Electrical Works of SFR20 Blower<\/td>\n<td>Ankara<\/td>\n<\/tr>\n<tr>\n<td>2008<\/td>\n<td>Coca Cola \u0130\u00e7ecek A.\u015e.<\/td>\n<td>Prod. And Filling Plants Elec. Works of Enlargement Prj. \u0130n 3rd St.<\/td>\n<td>Bursa<\/td>\n<\/tr>\n<tr>\n<td>2008<\/td>\n<td>Coca Cola \u0130\u00e7ecek A.\u015e.<\/td>\n<td>Production and Filling Facilities Structuring Project in 1st Stage<\/td>\n<td>Elaz\u0131\u011f<\/td>\n<\/tr>\n<tr>\n<td>2008<\/td>\n<td>Fritolay G\u0131da Sanayi ve Ticaret A.\u015e.<\/td>\n<td>Electrical Works of Storage Building<\/td>\n<td>Mersin<\/td>\n<\/tr>\n<tr>\n<td>2008<\/td>\n<td>Mahmudiye Kaynak Suyu Ltd. \u015eti.<\/td>\n<td>Electrical Works of New Storage Plant &amp; Sapanca Filling Plants<\/td>\n<td>\u0130zmit<\/td>\n<\/tr>\n<tr>\n<td>2008<\/td>\n<td>Coca Cola \u0130\u00e7ecek A.\u015e.<\/td>\n<td>Production and Filling Facilities &amp; Preform Injection Project<\/td>\n<td>Ankara<\/td>\n<\/tr>\n<tr>\n<td>2009<\/td>\n<td>Mahmudiye Kaynak Suyu Ltd. \u015eti.<\/td>\n<td>K\u00f6yce\u011fiz Filling Facility Structuring Project in 1st Stage<\/td>\n<td>Mu\u011fla<\/td>\n<\/tr>\n<tr>\n<td>2009<\/td>\n<td>Coca Cola \u0130\u00e7ecek A.\u015e.<\/td>\n<td>Prod. And Filling Facilities &amp; Maintenance of Tranf. And MDP.<\/td>\n<td>Bursa<\/td>\n<\/tr>\n<tr>\n<td>2009<\/td>\n<td>Coca Cola \u0130\u00e7ecek A.\u015e.<\/td>\n<td>Yenibosna Sales Storage and Prj. Of Retainin Wall and Utilities<\/td>\n<td>\u0130stanbul<\/td>\n<\/tr>\n<tr>\n<td>2009<\/td>\n<td>Coca Cola \u0130\u00e7ecek A.\u015e.<\/td>\n<td>Transposition of UPS Room &amp; Production and Filling Facilities<\/td>\n<td>Bursa<\/td>\n<\/tr>\n<tr>\n<td>2009<\/td>\n<td>Gates Corporation<\/td>\n<td>Power Transmission and Distrubition<\/td>\n<td>\u0130zmir<\/td>\n<\/tr>\n<tr>\n<td>2010<\/td>\n<td>AVEA<\/td>\n<td>Substructure Works of 2x500kW UPS<\/td>\n<td>Ankara<\/td>\n<\/tr>\n<tr>\n<td>2010<\/td>\n<td>Coca Cola \u0130\u00e7ecek A.\u015e.<\/td>\n<td>Prod. And Filling Facilities &amp; Energy Supply of Mineral Water Well<\/td>\n<td>Bursa<\/td>\n<\/tr>\n<tr>\n<td>2010<\/td>\n<td>Coca Cola \u0130\u00e7ecek A.\u015e.<\/td>\n<td>Production and Filling Facilities &amp; Maintenance of RGB Lines<\/td>\n<td>Bursa<\/td>\n<\/tr>\n<tr>\n<td>2010<\/td>\n<td>Coca Cola Beverages Company &#8211; IRAQ<\/td>\n<td>2000kVA Energy Supply &amp; Production and Filling Facilities<\/td>\n<td>Erbil \/ IRAK<\/td>\n<\/tr>\n<tr>\n<td>2011<\/td>\n<td>Coca Cola \u0130\u00e7ecek A.\u015e.<\/td>\n<td>Corporate Office &amp; Enlargement Project in 2nd Stage<\/td>\n<td>\u0130stanbul<\/td>\n<\/tr>\n<tr>\n<td>2011<\/td>\n<td>Akzo Nobel Boya A.\u015e.<\/td>\n<td>New Storehouse and Office Buildings Project<\/td>\n<td>\u0130zmir<\/td>\n<\/tr>\n<tr>\n<td>2011<\/td>\n<td>Coca Cola \u0130\u00e7ecek A.\u015e.<\/td>\n<td>Prod. And Filling Facilities &amp; Enlargement Project in 1st Stage<\/td>\n<td>Elaz\u0131\u011f<\/td>\n<\/tr>\n<tr>\n<td>2011<\/td>\n<td>Mahmudiye Kaynak Suyu Ltd. \u015eti.<\/td>\n<td>K\u00f6yce\u011fiz Filling Facilities &amp; Enlargement Project in 1st Stage<\/td>\n<td>Mu\u011fla<\/td>\n<\/tr>\n<tr>\n<td>2011<\/td>\n<td>Coca Cola \u0130\u00e7ecek A.\u015e.<\/td>\n<td>Production and Filling Facilities Tunnel Pastor Project<\/td>\n<td>Bursa<\/td>\n<\/tr>\n<tr>\n<td>2011<\/td>\n<td>Coca Cola \u0130\u00e7ecek A.\u015e.<\/td>\n<td>Production and Filling Facilities &amp; HOTFILL Project<\/td>\n<td>Bursa<\/td>\n<\/tr>\n<tr>\n<td>2011<\/td>\n<td>Mahmudiye Kaynak Suyu Ltd. \u015eti.<\/td>\n<td>MV Regulator Project &amp; K\u00f6yce\u011fiz Filling Facilities<\/td>\n<td>Mu\u011fla<\/td>\n<\/tr>\n<tr>\n<td>2011<\/td>\n<td>Coca Cola Beverages Company &#8211; IRAQ<\/td>\n<td>New Storage Project &amp; Production and Filling Facilities<\/td>\n<td>Erbil \/ IRAK<\/td>\n<\/tr>\n<tr>\n<td>2011<\/td>\n<td>Coca Cola \u0130\u00e7ecek A.\u015e.<\/td>\n<td>Prod. And Filling Facilities &amp; HOTFILL 4000kVA Transf. Project<\/td>\n<td>Bursa<\/td>\n<\/tr>\n<tr>\n<td>2012<\/td>\n<td>Fruko Me\u015frubat San. A.\u015e.<\/td>\n<td>Installation of Automation System &amp; Renewal of Lighting System<\/td>\n<td>\u0130zmir<\/td>\n<\/tr>\n<tr>\n<td>2012<\/td>\n<td>Coca Cola \u0130\u00e7ecek A.\u015e.<\/td>\n<td>Production and Filling Facilities &amp; 1875kVA Generator Project<\/td>\n<td>Bursa<\/td>\n<\/tr>\n<tr>\n<td>2012<\/td>\n<td>Coca Cola \u0130\u00e7ecek A.\u015e.<\/td>\n<td>Production and Filling Facilities &amp; HOD Robot Automation Works<\/td>\n<td>Bursa<\/td>\n<\/tr>\n<tr>\n<td>2012<\/td>\n<td>Mahmudiye Kaynak Suyu Ltd. \u015eti.<\/td>\n<td>K\u00f6yce\u011fiz Filling Facilities &amp; HOD Line Robot Automation Works<\/td>\n<td>Mu\u011fla<\/td>\n<\/tr>\n<tr>\n<td>2012<\/td>\n<td>Coca Cola \u0130\u00e7ecek A.\u015e.<\/td>\n<td>Production and Filling Facilities &amp; Preform Injection Project 2<\/td>\n<td>Ankara<\/td>\n<\/tr>\n<tr>\n<td>2012<\/td>\n<td>Efes Pilsen A.\u015e.<\/td>\n<td>Production and Filling Facilities &amp; HEIN - Filling and Elec. Works<\/td>\n<td>Ankara<\/td>\n<\/tr>\n<tr>\n<td>2012<\/td>\n<td>Efes Pilsen A.\u015e.<\/td>\n<td>Production and Filling Facilities &amp; Invest for Non-alcholic Plant<\/td>\n<td>Ankara<\/td>\n<\/tr>\n<tr>\n<td>2012<\/td>\n<td>Gebze G\u00fczeller Organize Sanayi<\/td>\n<td>Electrical Works of Conference Hall<\/td>\n<td>\u0130stanbul<\/td>\n<\/tr>\n<tr>\n<td>2012<\/td>\n<td>TED \u00dcniversitesi<\/td>\n<td>Energy Supply and 100kVA Transf. Plants in College Estates<\/td>\n<td>Ankara<\/td>\n<\/tr>\n<tr>\n<td>2012<\/td>\n<td>TED \u00dcniversitesi<\/td>\n<td>Electrical Works of Renewal Project in College Estates<\/td>\n<td>Ankara<\/td>\n<\/tr>\n<tr>\n<td>2012<\/td>\n<td>Mahmudiye Kaynak Suyu Ltd. \u015eti.<\/td>\n<td>Hazar Filling Facilities &amp; Project of Structuring<\/td>\n<td>Elaz\u0131\u011f<\/td>\n<\/tr>\n<tr>\n<td>2012<\/td>\n<td>Coca Cola \u0130\u00e7ecek A.\u015e.<\/td>\n<td>Elaz\u0131\u011f Production and Filling Facilities &amp; RGB Line Project<\/td>\n<td>Elaz\u0131\u011f<\/td>\n<\/tr>\n<tr>\n<td>2012<\/td>\n<td>Schneider Elektrik San. ve Tic. A.\u015e.<\/td>\n<td>General Directorate of Highways &amp; Substrucure works of UPS<\/td>\n<td>Ankara<\/td>\n<\/tr>\n<tr>\n<td>2012<\/td>\n<td>Karayollar\u0131 Genel M\u00fcd\u00fcrl\u00fc\u011f\u00fc<\/td>\n<td>Substructure Works &amp; Revision of UPS Panels<\/td>\n<td>Ankara<\/td>\n<\/tr>\n<tr>\n<td>2012<\/td>\n<td>Portakal \u00c7i\u00e7e\u011fi Gym. Ytrm. In\u015f. Ltd. \u015eti.<\/td>\n<td>Portakal \u00c7i\u00e7e\u011fi Residence<\/td>\n<td>Ankara<\/td>\n<\/tr>\n<tr>\n<td>2012<\/td>\n<td>T\u00fcrk Ticaret Net<\/td>\n<td>Project of Administrative Building of ULUTEK<\/td>\n<td>Bursa<\/td>\n<\/tr>\n<tr>\n<td>2013<\/td>\n<td>Coca Cola \u0130\u00e7ecek A.\u015e.<\/td>\n<td>Bursa Production and Filling Facilities &amp; Panel Rooms Renewal<\/td>\n<td>Bursa<\/td>\n<\/tr>\n<tr>\n<td>2013<\/td>\n<td>Coca Cola \u0130\u00e7ecek A.\u015e.<\/td>\n<td>\u00c7orlu Production Filling and Facilities &amp; Renewal of Storage Area<\/td>\n<td>\u00c7orlu<\/td>\n<\/tr>\n<tr>\n<td>2013<\/td>\n<td>Coca Cola \u0130\u00e7ecek A.\u015e.<\/td>\n<td>Yenibosna Sales and Storage Facility &amp; Renewal Project<\/td>\n<td>\u0130stanbul<\/td>\n<\/tr>\n<tr>\n<td>2013<\/td>\n<td>Efes Pilsen A.\u015e.<\/td>\n<td>Production and Filling Facilities &amp; Lighting Works of Filter Plant<\/td>\n<td>Ankara<\/td>\n<\/tr>\n<tr>\n<td>2013<\/td>\n<td>Coca Cola \u0130\u00e7ecek A.\u015e.<\/td>\n<td>Bursa Transformer Maintenance and Thermal Cam. Meas.<\/td>\n<td>Bursa<\/td>\n<\/tr>\n<tr>\n<td>2013<\/td>\n<td>Coca Cola \u0130\u00e7ecek A.\u015e.<\/td>\n<td>Mersin Factory &amp; Adm. Building - Reinforcement Project<\/td>\n<td>Mersin<\/td>\n<\/tr>\n<tr>\n<td>2013<\/td>\n<td>Coca Cola \u0130\u00e7ecek A.\u015e.<\/td>\n<td>Kemalpa\u015fa Production and Filling Facility Enlargement Project<\/td>\n<td>\u0130zmir<\/td>\n<\/tr>\n<tr>\n<td>2013<\/td>\n<td>KAP-TAN \u0130n\u015faat<\/td>\n<td>AF\u015eIN State Hosp. Modification &amp; Electircal Works<\/td>\n<td>Kahramanmara\u015f<\/td>\n<\/tr>\n<tr>\n<td>2013<\/td>\n<td>Coca Cola Beverages Company &#8211; IRAQ<\/td>\n<td>HILLA Production and Filling Facility &amp; Project of Enlargement<\/td>\n<td>Irak<\/td>\n<\/tr>\n<tr>\n<td>2014<\/td>\n<td>Coca Cola \u0130\u00e7ecek A.\u015e.<\/td>\n<td>Bursa Transformer Maintenance and Thermal Cam. Meas.<\/td>\n<td>Bursa<\/td>\n<\/tr>\n<tr>\n<td>2014<\/td>\n<td>Coca Cola \u0130\u00e7ecek A.\u015e.<\/td>\n<td>Mersin Factory &amp; Transf. Maint. And Thermal Cam. Meas.<\/td>\n<td>Mersin<\/td>\n<\/tr>\n<tr>\n<td>2014<\/td>\n<td>Coca Cola \u0130\u00e7ecek A.\u015e.<\/td>\n<td>Elaz\u0131\u011f Factory &amp; Transf. Maint. And Thermal Cam. Meas.<\/td>\n<td>Elaz\u0131\u011f<\/td>\n<\/tr>\n<tr>\n<td>2014<\/td>\n<td>Mahmudiye Kaynak Suyu Ltd. \u015eti.<\/td>\n<td>Damla Su Factory &amp; Transf. Maint. And Thermal Cam. Meas.<\/td>\n<td>Sivirce &#8211; Elaz\u0131\u011f<\/td>\n<\/tr>\n<tr>\n<td>2014<\/td>\n<td>Coca Cola \u0130\u00e7ecek A.\u015e.<\/td>\n<td>Substructure of Facilitty Wells &amp; Electical Works<\/td>\n<td>Bursa<\/td>\n<\/tr>\n<tr>\n<td>2014<\/td>\n<td>Yelken M\u00fchendislik<\/td>\n<td>Trakya \u015ei\u015fe Cam Factory<\/td>\n<td>Polatl\u0131 &#8211; Ankara<\/td>\n<\/tr>\n<tr>\n<td>2014<\/td>\n<td>Coca Cola \u0130\u00e7ecek A.\u015e.<\/td>\n<td>Hilla Generator Synchronisation Systems Project<\/td>\n<td>Irak<\/td>\n<\/tr>\n<tr>\n<td>2014<\/td>\n<td>EMI \u0130n\u015faat<\/td>\n<td>\u00c7ayyolu Office Project Electrical Works<\/td>\n<td>\u00c7ayyolu &#8211; Ankara<\/td>\n<\/tr>\n<tr>\n<td>2014<\/td>\n<td>Beverages of the Coca Cola Company in Tajikistan<\/td>\n<td>Dushanbe Coca Cola<\/td>\n<td>Tacikistan<\/td>\n<\/tr>\n<tr>\n<td>2015<\/td>\n<td>Coca Cola Beverages Company &#8211; IRAQ<\/td>\n<td>Storage &amp; WWTP Electrical Works<\/td>\n<td>Hilla &#8211; Kerbela Irak<\/td>\n<\/tr>\n<tr>\n<td>2015<\/td>\n<td>Beverages of the Coca Cola Company in Tajikistan<\/td>\n<td>Dushanbe Coca Cola I\u00e7ecek A.\u015e. CCTV &amp; CACS Systems<\/td>\n<td>Tacikistan<\/td>\n<\/tr>\n<tr>\n<td>2015<\/td>\n<td>Azerbijan Coca Cola Bottlers Ltd.<\/td>\n<td>Baku Factory Enlargement Project<\/td>\n<td>Azerbaycan<\/td>\n<\/tr>\n<tr>\n<td>2015<\/td>\n<td>T\u00fcrk Henkel Kimya A.\u015e.<\/td>\n<td>HENKEL Sulfonation Plant<\/td>\n<td>Ankara<\/td>\n<\/tr>\n<tr>\n<td>2016<\/td>\n<td>S\u00fcleyman Demirel OSB<\/td>\n<td>MV Renewal Works (3 Lines)<\/td>\n<td>Isparta<\/td>\n<\/tr>\n<tr>\n<td>2016<\/td>\n<td>\u00c7orum Ticaret ve Sanayi Odas\u0131<\/td>\n<td>Fairground &amp; Service Building &amp; Conference Hall<\/td>\n<td>\u00c7orum<\/td>\n<\/tr>\n<tr>\n<td>2016<\/td>\n<td>Coca Cola \u0130\u00e7ecek A.\u015e.<\/td>\n<td>Isparta Factory<\/td>\n<td>Isparta<\/td>\n<\/tr>\n<tr>\n<td>2016<\/td>\n<td>Azerbijan Coca Cola Bottlers Ltd.<\/td>\n<td>Cabling of Lines<\/td>\n<td>Azerbaycan<\/td>\n<\/tr>\n<tr>\n<td>2016<\/td>\n<td>Anadolu Etap Penkon G\u0131da<\/td>\n<td>Isparta Factory<\/td>\n<td>Isparta<\/td>\n<\/tr>\n<tr>\n<td>2016<\/td>\n<td>EMI \u0130n\u015faat<\/td>\n<td>ITOSB Factory<\/td>\n<td>\u00c7ayyolu &#8211; Ankara<\/td>\n<\/tr>\n<tr>\n<td>2017<\/td>\n<td>Fritolay &#8211; Pepsico<\/td>\n<td>Fritolay Manisa Factory<\/td>\n<td>Manisa OSB 5.Etap<\/td>\n<\/tr>\n<tr>\n<td>2017<\/td>\n<td>T\u00fcrk Henkel Kimya A.\u015e.<\/td>\n<td>Henkel Anatolia Project<\/td>\n<td>Gebkim Gebze OSB<\/td>\n<\/tr>\n<tr>\n<td>2018<\/td>\n<td>Ferrero<\/td>\n<td>Trabzon Factory<\/td>\n<td>Arsin &#8211; Trabzon<\/td>\n<\/tr>\n<tr>\n<td>2018<\/td>\n<td>T\u00fcrkiye \u015ei\u015fe ve Cam Fabrikalar\u0131 A.\u015e.<\/td>\n<td>Anatolian Technical Vocational High School<\/td>\n<td>Yeni\u015fehir &#8211; Bursa<\/td>\n<\/tr>\n<tr>\n<td>2018<\/td>\n<td>Alwaha Soft Drinks Coca Cola Beverages<\/td>\n<td>Hilla Canline &amp; Petline Project<\/td>\n<td>Hilla - Iraq<\/td>\n<\/tr>\n<tr>\n<td>2018<\/td>\n<td>Ferrero<\/td>\n<td>Ordu Storage Building Electrical Works<\/td>\n<td>Piraziz &#8211; Ordu<\/td>\n<\/tr>\n<tr>\n<td>2018<\/td>\n<td>Ferrero<\/td>\n<td>D\u00fczce Low Voltage Current Installation Renewal Works<\/td>\n<td>Mevki &#8211; D\u00fczce<\/td>\n<\/tr>\n<tr>\n<td>2019<\/td>\n<td>Alwaha Soft Drink Coca Cola Beverages<\/td>\n<td>Hilla New AB &amp; WH Project<\/td>\n<td>Hilla - Iraq<\/td>\n<\/tr>\n<tr>\n<td>2019<\/td>\n<td>Fritolay G\u0131da San. Tic. A.\u015e.<\/td>\n<td>Tarsus Factory Additional Packaging Building Electrical Works<\/td>\n<td>Mersin<\/td>\n<\/tr>\n<tr>\n<td>2019<\/td>\n<td>Fruko Me\u015frubat San. Ltd. \u015eti.<\/td>\n<td>\u00c7orlu Factory Additional Storage Building Electrical Works<\/td>\n<td>\u00c7orlu<\/td>\n<\/tr>\n<\/tbody>\n<\/table>\n\n\t\t<\/div>\n\t<\/div>\n<\/div><\/div><\/div><\/div><\/div><\/div><\/div><\/div><\/div><\/div><\/div><\/section>","protected":false},"excerpt":{"rendered":"Devam Eden Projeler Tarih M\u00fc\u015fteri \u0130\u015fin Ad\u0131 Yer 2020-2021 Prokon Corteva Agriscience Tohum \u0130\u015fleme Tesisi Adana Tamamlanan Projeler Tarih M\u00fc\u015fteri \u0130\u015fin Ad\u0131 Yer 2002 Coca Cola \u0130\u00e7ecek A.\u015e. Y\u00f6netim ve Depolama Tesisleri \u00dcmraniye 2002 Coca Cola \u0130\u00e7ecek A.\u015e. 6000m2 Sundurma Elektrik \u0130\u015fleri \u00c7orlu 2002 MAN T\u00fcrkiye A.\u015e. Gicik - Esenbo\u011fa K\u00f6kbinalar\u0131 Bak\u0131m ve \u0130\u015fletme Ankara [...]","protected":false},"author":1,"featured_media":0,"parent":0,"menu_order":0,"comment_status":"closed","ping_status":"closed","template":"page-templates\/page-fullwidth.php","meta":[],"_links":{"self":[{"href":"https:\/\/arelelektrik.com\/en\/wp-json\/wp\/v2\/pages\/872"}],"collection":[{"href":"https:\/\/arelelektrik.com\/en\/wp-json\/wp\/v2\/pages"}],"about":[{"href":"https:\/\/arelelektrik.com\/en\/wp-json\/wp\/v2\/types\/page"}],"author":[{"embeddable":true,"href":"https:\/\/arelelektrik.com\/en\/wp-json\/wp\/v2\/users\/1"}],"replies":[{"embeddable":true,"href":"https:\/\/arelelektrik.com\/en\/wp-json\/wp\/v2\/comments?post=872"}],"version-history":[{"count":0,"href":"https:\/\/arelelektrik.com\/en\/wp-json\/wp\/v2\/pages\/872\/revisions"}],"wp:attachment":[{"href":"https:\/\/arelelektrik.com\/en\/wp-json\/wp\/v2\/media?parent=872"}],"curies":[{"name":"wp","href":"https:\/\/api.w.org\/{rel}","templated":true}]}}