{"id":855,"date":"2016-04-04T15:27:17","date_gmt":"2016-04-04T15:27:17","guid":{"rendered":"http:\/\/greativefx.com\/arel\/?page_id=855"},"modified":"2019-09-18T06:57:28","modified_gmt":"2019-09-18T06:57:28","slug":"ohsas-18001","status":"publish","type":"page","link":"https:\/\/arelelektrik.com\/en\/ohsas-18001\/","title":{"rendered":"OHSAS 18001"},"content":{"rendered":"<section class=\"bg-fixed relative vc_row wpb_row vc_custom_1459783017174\"><div class=\"container\"><div class=\"rows\"><div class=\"wpb_column vc_column_container sixteen columns\"><div class=\"\"><div class=\"wpb_wrapper\">\t\r\n\t<div class=\"section-header-text-left\">\r\n\t\t<h4>OHSAS 18001 Nedir?<b>.<\/b><\/h4>\t\t\t\t<div class=\"line-header\"><\/div>\r\n\t<\/div>\r\n\t<\/div><\/div><\/div><\/div><\/div><\/section><section class=\"bg-fixed relative vc_row wpb_row\"><div class=\"container\"><div class=\"rows\"><div class=\"wpb_column vc_column_container eight columns\"><div class=\"\"><div class=\"wpb_wrapper\">\n\t<div class=\"wpb_text_column wpb_content_element\" >\n\t\t<div class=\"wpb_wrapper\">\n\t\t\t<p>OHSAS BELGES\u0130, OHSAS 18001 standard\u0131, i\u015fyerinde \u00e7al\u0131\u015fanlar\u0131n sa\u011fl\u0131\u011f\u0131n\u0131 ve g\u00fcvenli\u011fini etkileyebilecek uygulamalar\u0131n sistematik olarak kontrol alt\u0131nda tutulmas\u0131n\u0131 \u00f6ng\u00f6ren bir y\u00f6netim modelidir. \u0130ngiliz Standartlar Enstit\u00fcs\u00fc taraf\u0131ndan, kurulu\u015flar\u0131n i\u015f g\u00fcvenli\u011fi konusunda \u00fc\u00e7\u00fcnc\u00fc taraf belgelendirme taleplerine cevap olarak yay\u0131mlanm\u0131\u015ft\u0131r. Genel anlamda i\u015f g\u00fcvenli\u011fi kavram\u0131 \u00e7al\u0131\u015fanlar\u0131n, i\u015fletmenin ve \u00fcretimin her t\u00fcrl\u00fc tehlike ve zarardan korunmas\u0131n\u0131 i\u00e7ermektedir. \u0130nsan hayat\u0131n\u0131n \u00f6ncelik ta\u015f\u0131mas\u0131 nedeniyle, i\u015fletme ve \u00fcretim g\u00fcvenli\u011fi konular\u0131n\u0131n ikinci planda kald\u0131\u011f\u0131 ve uluslar aras\u0131 alanda i\u015f g\u00fcvenli\u011fi kavram\u0131yla genel olarak \u00e7al\u0131\u015fanlar\u0131n g\u00fcvenli\u011finin ifade edildi\u011fi g\u00f6r\u00fclmektedir<\/p>\n<p>OHSAS BELGES\u0130, OHSAS 18001 BELGES\u0130 STANDARTI bir kurulu\u015fun OHSAS 18001 i\u015f sa\u011fl\u0131\u011f\u0131 ve g\u00fcvenli\u011fi (\u0130SG) risklerini kontrol etmesi performans\u0131n\u0131n iyile\u015ftirilmesini sa\u011flamak, i\u00e7in OHSAS 18001 \u0130SG Y\u00f6netim sistemi \u015fartlar\u0131n\u0131 kapsar. Standart OHSAS 18001 \u0130SG Performans kriterlerinin durumunu belirtmedi\u011fi gibi bir y\u00f6netim sisteminin tasar\u0131m\u0131 i\u00e7in ayr\u0131nt\u0131l\u0131 \u015fartlar\u0131n\u0131 da kapsamaz. OHSAS 18001 standard\u0131 a\u015fa\u011f\u0131dakileri ger\u00e7ekle\u015ftirmeyi ama\u00e7layan her kurulu\u015fa uygulanabilir OHSAS 18001 standard\u0131 a\u015fa\u011f\u0131dakileri ger\u00e7ekle\u015ftirmeyi ama\u00e7layan her kurulu\u015fa uygulanabilir;<\/p>\n<p>a) Kurulu\u015fun faaliyetleri ile ilgili olarak, \u0130SG risklerine maruz kalabilecek \u00e7al\u0131\u015fanlar ve ilgili di\u011fer taraflar i\u00e7in riskleri yok etmek veya en aza indirmek \u00fczere bir OHSAS 18001 \u0130SG y\u00f6netim sistemi olu\u015fturmak,<\/p>\n<p>b) Bir OHSAS 18001 \u0130SG y\u00f6netim sistemini kurmak, uygulamak ve s\u00fcrekli iyile\u015ftirmek,<\/p>\n<p>c) Kurulu\u015fun beyan etti\u011fi OHSAS 18001 \u0130SG politikas\u0131na uygunluk konusunda kendine g\u00fcvence sa\u011flamak,<\/p>\n<p>d) Bu uyumu ba\u015fkalar\u0131na g\u00f6stermek,<\/p>\n<p>e) Kurulu\u015fun OHSAS 18001 \u0130SG y\u00f6netim sisteminin bir d\u0131\u015f kurulu\u015f taraf\u0131ndan belgelendirilmesini \/ tescilini sa\u011flamak,<\/p>\n<p>f) Bu standard\u0131n \u015fartlar\u0131 ile uyumun sa\u011flad\u0131\u011f\u0131n\u0131 tayin ve bu durumu beyan etmek.Bu standard\u0131n b\u00fct\u00fcn \u015fartlar\u0131n\u0131n, herhangi bir OHSAS 18001 \u0130SG y\u00f6netim sistemine dahiledilmesi ama\u00e7lanm\u0131\u015ft\u0131r.Uygulaman\u0131n kapsam\u0131 kurulu\u015fun OHSAS 18001 \u0130SG politikas\u0131,faaliyetlerin yap\u0131s\u0131 ile \u00e7al\u0131\u015fmalar\u0131n riskleri ve karma\u015f\u0131kl\u0131\u011f\u0131 gibi fakt\u00f6rlere ba\u011fl\u0131 olacakt\u0131r.Bustandart ile \u00fcr\u00fcn ve hizmet g\u00fcvenli\u011finden ziyade i\u015f sa\u011fl\u0131\u011f\u0131 ve g\u00fcvenli\u011finin ele al\u0131nmas\u0131ama\u00e7lanm\u0131\u015ft\u0131r. OHSAS18001 \/ ISO18001 i\u015f sa\u011fl\u0131\u011f\u0131 ve g\u00fcvenligi y\u00f6netim sistemikonusundaki gereklilikleri belirleyen uluslararas\u0131 bir standardd\u0131r. OHSAS18001, kurulu\u015flar\u0131nkalite, \u00e7evre ve i\u015f sa\u011fl\u0131\u011f\u0131 ve g\u00fcvenligi y\u00f6netim sistemlerini entegre edebilmelerini sa\u011flamakamac\u0131yla ISO9001 (QMS) ve ISO14001 (EMS) standardlar\u0131yla uyumlu olacak \u015fekildegeli\u015ftirilmi\u015ftir. Ulusal sa\u011fl\u0131k ve g\u00fcvenlik standardlar\u0131na uyum t\u00fcm kurulu\u015flar i\u00e7in zorunludur.OHSAS 18001 bir yandan kurulu\u015flar\u0131n yasal standardlarla olan uyumunu g\u00f6sterirken \u00f6teyandan i\u015f ortam\u0131n\u0131n s\u00fcrekli iyile\u015ftrilmesi sayesinde i\u015fyerindeki \u00fcretkenli\u011fi ve verimi artt\u0131r\u0131r.<\/p>\n<p>AREL, t\u00fcm \u00e7al\u0131\u015fmalar\u0131nda i\u015f ve i\u015f\u00e7i sa\u011fl\u0131\u011f\u0131 ve g\u00fcvenli\u011fi konusunda en y\u00fcksek kaliteyi yakalamak ve bu kaliteyi bir standardizasyon olarak korumak i\u00e7in ISO 18001 belgesi sahibdir. Bu belgenin t\u00fcm gerekli yerine getirerek hem \u00e7al\u0131\u015fanlar\u0131n\u0131n g\u00fcvenli\u011fini sa\u011flar hemde m\u00fc\u015fterilerinin en iyi sonu\u00e7lar\u0131 almas\u0131n\u0131 destekler.<\/p>\n\n\t\t<\/div>\n\t<\/div>\n<\/div><\/div><\/div><div class=\"wpb_column vc_column_container eight columns\"><div class=\"\"><div class=\"wpb_wrapper\">\n\t<div  class=\"wpb_single_image wpb_content_element vc_align_left\">\n\t\t\n\t\t<figure class=\"wpb_wrapper vc_figure\">\n\t\t\t<div class=\"vc_single_image-wrapper   vc_box_border_grey\"><img width=\"1449\" height=\"2054\" src=\"https:\/\/arelelektrik.com\/wp-content\/uploads\/2016\/04\/ISO180001_Arel_2019.jpg\" class=\"vc_single_image-img attachment-full\" alt=\"\" srcset=\"https:\/\/arelelektrik.com\/wp-content\/uploads\/2016\/04\/ISO180001_Arel_2019.jpg 1449w, https:\/\/arelelektrik.com\/wp-content\/uploads\/2016\/04\/ISO180001_Arel_2019-768x1088.jpg 768w\" sizes=\"(max-width: 1449px) 100vw, 1449px\" \/><\/div>\n\t\t<\/figure>\n\t<\/div>\n\n\t<div  class=\"wpb_single_image wpb_content_element vc_align_left\">\n\t\t\n\t\t<figure class=\"wpb_wrapper vc_figure\">\n\t\t\t<div class=\"vc_single_image-wrapper   vc_box_border_grey\"><img width=\"300\" height=\"424\" src=\"https:\/\/arelelektrik.com\/wp-content\/uploads\/2016\/04\/AREL18001-2.jpg\" class=\"vc_single_image-img attachment-full\" alt=\"\" srcset=\"https:\/\/arelelektrik.com\/wp-content\/uploads\/2016\/04\/AREL18001-2.jpg 300w, https:\/\/arelelektrik.com\/wp-content\/uploads\/2016\/04\/AREL18001-2-768x1085.jpg 768w\" sizes=\"(max-width: 300px) 100vw, 300px\" \/><\/div>\n\t\t<\/figure>\n\t<\/div>\n<\/div><\/div><\/div><\/div><\/div><\/section>","protected":false},"excerpt":{"rendered":"OHSAS 18001 Nedir?. OHSAS BELGES\u0130, OHSAS 18001 standard\u0131, i\u015fyerinde \u00e7al\u0131\u015fanlar\u0131n sa\u011fl\u0131\u011f\u0131n\u0131 ve g\u00fcvenli\u011fini etkileyebilecek uygulamalar\u0131n sistematik olarak kontrol alt\u0131nda tutulmas\u0131n\u0131 \u00f6ng\u00f6ren bir y\u00f6netim modelidir. \u0130ngiliz Standartlar Enstit\u00fcs\u00fc taraf\u0131ndan, kurulu\u015flar\u0131n i\u015f g\u00fcvenli\u011fi konusunda \u00fc\u00e7\u00fcnc\u00fc taraf belgelendirme taleplerine cevap olarak yay\u0131mlanm\u0131\u015ft\u0131r. Genel anlamda i\u015f g\u00fcvenli\u011fi kavram\u0131 \u00e7al\u0131\u015fanlar\u0131n, i\u015fletmenin ve \u00fcretimin her t\u00fcrl\u00fc tehlike ve zarardan korunmas\u0131n\u0131 i\u00e7ermektedir. [...]","protected":false},"author":1,"featured_media":0,"parent":0,"menu_order":0,"comment_status":"closed","ping_status":"closed","template":"page-templates\/page-fullwidth.php","meta":[],"_links":{"self":[{"href":"https:\/\/arelelektrik.com\/en\/wp-json\/wp\/v2\/pages\/855"}],"collection":[{"href":"https:\/\/arelelektrik.com\/en\/wp-json\/wp\/v2\/pages"}],"about":[{"href":"https:\/\/arelelektrik.com\/en\/wp-json\/wp\/v2\/types\/page"}],"author":[{"embeddable":true,"href":"https:\/\/arelelektrik.com\/en\/wp-json\/wp\/v2\/users\/1"}],"replies":[{"embeddable":true,"href":"https:\/\/arelelektrik.com\/en\/wp-json\/wp\/v2\/comments?post=855"}],"version-history":[{"count":0,"href":"https:\/\/arelelektrik.com\/en\/wp-json\/wp\/v2\/pages\/855\/revisions"}],"wp:attachment":[{"href":"https:\/\/arelelektrik.com\/en\/wp-json\/wp\/v2\/media?parent=855"}],"curies":[{"name":"wp","href":"https:\/\/api.w.org\/{rel}","templated":true}]}}