{"id":383,"date":"2015-02-10T09:30:08","date_gmt":"2015-02-10T09:30:08","guid":{"rendered":"http:\/\/demo.vegatheme.com\/pallas\/?page_id=383"},"modified":"2016-04-16T09:03:56","modified_gmt":"2016-04-16T09:03:56","slug":"kurumsal","status":"publish","type":"page","link":"https:\/\/arelelektrik.com\/en\/kurumsal\/","title":{"rendered":"Corporate"},"content":{"rendered":"<section class=\"bg-fixed relative vc_row wpb_row vc_custom_1459835870774 vc_row-has-fill\"><div class=\"container\"><div class=\"rows\"><div class=\"wpb_column vc_column_container sixteen columns\"><div class=\"\"><div class=\"wpb_wrapper\">\n\t<div class=\"wpb_text_column wpb_content_element  section-big-header-text\" >\n\t\t<div class=\"wpb_wrapper\">\n\t\t\t<p>Coporate Identity<\/p>\n\n\t\t<\/div>\n\t<\/div>\n\n\t<div class=\"wpb_text_column wpb_content_element\" >\n\t\t<div class=\"wpb_wrapper\">\n\t\t\t<p>Our company is founded under the leadership of H\u00fcseyin Rahmi TANKAYA in \u00c7ORUM on 90s.\nAREL has been transfered to Ankara on Aug 17th, 2000. Scope of company has been determined\nas private institutions.\nAREL maintains the works with the principle of persistance and honesty.<\/p>\n\n\t\t<\/div>\n\t<\/div>\n<\/div><\/div><\/div><\/div><\/div><\/section><section class=\"bg-fixed relative vc_row wpb_row\"><div class=\"container\"><div class=\"rows\"><div class=\"wpb_column vc_column_container sixteen columns\"><div class=\"\"><div class=\"wpb_wrapper\">\t\r\n\t<div class=\"section-header-text-left\">\r\n\t\t<h4>Our Sertificates<b>:<\/b><\/h4>\t\t\t\t<div class=\"line-header\"><\/div>\r\n\t<\/div>\r\n\t<\/div><\/div><\/div><\/div><\/div><\/section><section class=\"bg-fixed relative vc_row wpb_row\"><div class=\"container\"><div class=\"rows\"><div class=\"wpb_column vc_column_container four columns\"><div class=\"\"><div class=\"wpb_wrapper\">\n\t<div  class=\"wpb_single_image wpb_content_element vc_align_center\">\n\t\t\n\t\t<figure class=\"wpb_wrapper vc_figure\">\n\t\t\t<a href=\"\/en\/iso9001\/\" target=\"_self\" class=\"vc_single_image-wrapper   vc_box_border_grey\"><img width=\"150\" height=\"150\" src=\"https:\/\/arelelektrik.com\/wp-content\/uploads\/2015\/02\/9001-150x150.png\" class=\"vc_single_image-img attachment-thumbnail\" alt=\"\" srcset=\"https:\/\/arelelektrik.com\/wp-content\/uploads\/2015\/02\/9001-150x150.png 150w, https:\/\/arelelektrik.com\/wp-content\/uploads\/2015\/02\/9001-300x300.png 300w, https:\/\/arelelektrik.com\/wp-content\/uploads\/2015\/02\/9001-768x768.png 768w, https:\/\/arelelektrik.com\/wp-content\/uploads\/2015\/02\/9001-1024x1024.png 1024w, https:\/\/arelelektrik.com\/wp-content\/uploads\/2015\/02\/9001.png 462w\" sizes=\"(max-width: 150px) 100vw, 150px\" \/><\/a>\n\t\t<\/figure>\n\t<\/div>\n<\/div><\/div><\/div><div class=\"wpb_column vc_column_container four columns\"><div class=\"\"><div class=\"wpb_wrapper\">\n\t<div  class=\"wpb_single_image wpb_content_element vc_align_center\">\n\t\t\n\t\t<figure class=\"wpb_wrapper vc_figure\">\n\t\t\t<a href=\"\/en\/iso14001\/\" target=\"_self\" class=\"vc_single_image-wrapper   vc_box_border_grey\"><img width=\"150\" height=\"150\" src=\"https:\/\/arelelektrik.com\/wp-content\/uploads\/2015\/02\/14001-150x150.png\" class=\"vc_single_image-img attachment-thumbnail\" alt=\"\" srcset=\"https:\/\/arelelektrik.com\/wp-content\/uploads\/2015\/02\/14001-150x150.png 150w, https:\/\/arelelektrik.com\/wp-content\/uploads\/2015\/02\/14001-300x300.png 300w, https:\/\/arelelektrik.com\/wp-content\/uploads\/2015\/02\/14001-768x768.png 768w, https:\/\/arelelektrik.com\/wp-content\/uploads\/2015\/02\/14001-1024x1024.png 1024w, https:\/\/arelelektrik.com\/wp-content\/uploads\/2015\/02\/14001.png 462w\" sizes=\"(max-width: 150px) 100vw, 150px\" \/><\/a>\n\t\t<\/figure>\n\t<\/div>\n<\/div><\/div><\/div><div class=\"wpb_column vc_column_container four columns\"><div class=\"\"><div class=\"wpb_wrapper\">\n\t<div  class=\"wpb_single_image wpb_content_element vc_align_center\">\n\t\t\n\t\t<figure class=\"wpb_wrapper vc_figure\">\n\t\t\t<a href=\"\/en\/ohsas-18001\/\" target=\"_self\" class=\"vc_single_image-wrapper   vc_box_border_grey\"><img width=\"150\" height=\"150\" src=\"https:\/\/arelelektrik.com\/wp-content\/uploads\/2015\/02\/18001-150x150.png\" class=\"vc_single_image-img attachment-thumbnail\" alt=\"\" srcset=\"https:\/\/arelelektrik.com\/wp-content\/uploads\/2015\/02\/18001-150x150.png 150w, https:\/\/arelelektrik.com\/wp-content\/uploads\/2015\/02\/18001-300x300.png 300w, https:\/\/arelelektrik.com\/wp-content\/uploads\/2015\/02\/18001-768x768.png 768w, https:\/\/arelelektrik.com\/wp-content\/uploads\/2015\/02\/18001-1024x1024.png 1024w, https:\/\/arelelektrik.com\/wp-content\/uploads\/2015\/02\/18001.png 462w\" sizes=\"(max-width: 150px) 100vw, 150px\" \/><\/a>\n\t\t<\/figure>\n\t<\/div>\n<\/div><\/div><\/div><div class=\"wpb_column vc_column_container four columns\"><div class=\"\"><div class=\"wpb_wrapper\">\n\t<div  class=\"wpb_single_image wpb_content_element vc_align_center\">\n\t\t\n\t\t<figure class=\"wpb_wrapper vc_figure\">\n\t\t\t<a href=\"\/en\/tse-hyb\/\" target=\"_self\" class=\"vc_single_image-wrapper   vc_box_border_grey\"><img width=\"150\" height=\"150\" src=\"https:\/\/arelelektrik.com\/wp-content\/uploads\/2015\/02\/tse-1-150x150.png\" class=\"vc_single_image-img attachment-thumbnail\" alt=\"\" srcset=\"https:\/\/arelelektrik.com\/wp-content\/uploads\/2015\/02\/tse-1-150x150.png 150w, https:\/\/arelelektrik.com\/wp-content\/uploads\/2015\/02\/tse-1-300x300.png 300w, https:\/\/arelelektrik.com\/wp-content\/uploads\/2015\/02\/tse-1-768x768.png 768w, https:\/\/arelelektrik.com\/wp-content\/uploads\/2015\/02\/tse-1-1024x1024.png 1024w, https:\/\/arelelektrik.com\/wp-content\/uploads\/2015\/02\/tse-1.png 200w\" sizes=\"(max-width: 150px) 100vw, 150px\" \/><\/a>\n\t\t<\/figure>\n\t<\/div>\n<\/div><\/div><\/div><\/div><\/div><\/section>","protected":false},"excerpt":{"rendered":"Kurumsal Kimlik 1990' l\u0131 y\u0131llar\u0131n ba\u015f\u0131nda H\u00fcseyin Rahmi TANKAYA ve Ahmet Y\u00fccel ONAT \u00f6nderli\u011finde \u00c7ORUM' da kurulan AREL Elektrik kurulu\u015f itibar\u0131 ile taahh\u00fct i\u015flerinde faaliyet g\u00f6stermek \u00fczere organize edildi. \u00c7al\u0131\u015fma prensibi a\u00e7\u0131s\u0131ndan \u00e7al\u0131\u015fanlar\u0131n\u0131n ortak olmas\u0131 gibi payla\u015f\u0131mc\u0131 yap\u0131y\u0131 temel ald\u0131. Verimlilik esasl\u0131 olu\u015fumla 2000 y\u0131l\u0131nda Ankara' da faaliyet g\u00f6stermeye ba\u015flad\u0131. Belgelerimiz:","protected":false},"author":1,"featured_media":0,"parent":0,"menu_order":0,"comment_status":"open","ping_status":"open","template":"page-templates\/page-fullwidth.php","meta":[],"_links":{"self":[{"href":"https:\/\/arelelektrik.com\/en\/wp-json\/wp\/v2\/pages\/383"}],"collection":[{"href":"https:\/\/arelelektrik.com\/en\/wp-json\/wp\/v2\/pages"}],"about":[{"href":"https:\/\/arelelektrik.com\/en\/wp-json\/wp\/v2\/types\/page"}],"author":[{"embeddable":true,"href":"https:\/\/arelelektrik.com\/en\/wp-json\/wp\/v2\/users\/1"}],"replies":[{"embeddable":true,"href":"https:\/\/arelelektrik.com\/en\/wp-json\/wp\/v2\/comments?post=383"}],"version-history":[{"count":0,"href":"https:\/\/arelelektrik.com\/en\/wp-json\/wp\/v2\/pages\/383\/revisions"}],"wp:attachment":[{"href":"https:\/\/arelelektrik.com\/en\/wp-json\/wp\/v2\/media?parent=383"}],"curies":[{"name":"wp","href":"https:\/\/api.w.org\/{rel}","templated":true}]}}